{"id":9826,"date":"2021-06-03T12:03:31","date_gmt":"2021-06-03T10:03:31","guid":{"rendered":"https:\/\/www.agbar.es\/aviso-legal\/"},"modified":"2026-01-27T10:43:24","modified_gmt":"2026-01-27T09:43:24","slug":"avis-legal","status":"publish","type":"page","link":"https:\/\/customercounsel.veolia.es\/ca\/avis-legal\/","title":{"rendered":"Av\u00eds legal"},"content":{"rendered":"\t\t<div data-elementor-type=\"wp-page\" data-elementor-id=\"9826\" class=\"elementor elementor-9826 elementor-7561\" data-elementor-post-type=\"page\">\n\t\t\t\t\t\t<section class=\"elementor-section elementor-top-section elementor-element elementor-element-17b352a0 elementor-section-full_width elementor-section-content-middle elementor-section-height-default elementor-section-height-default\" data-id=\"17b352a0\" data-element_type=\"section\" data-settings=\"{&quot;background_background&quot;:&quot;classic&quot;}\">\n\t\t\t\t\t\t<div class=\"elementor-container elementor-column-gap-no\">\n\t\t\t\t\t<div class=\"elementor-column elementor-col-100 elementor-top-column elementor-element elementor-element-2c783098\" data-id=\"2c783098\" data-element_type=\"column\">\n\t\t\t<div class=\"elementor-widget-wrap elementor-element-populated\">\n\t\t\t\t\t\t<section class=\"elementor-section elementor-inner-section elementor-element elementor-element-6173055b elementor-section-boxed elementor-section-height-default elementor-section-height-default\" data-id=\"6173055b\" data-element_type=\"section\">\n\t\t\t\t\t\t<div class=\"elementor-container elementor-column-gap-no\">\n\t\t\t\t\t<div class=\"elementor-column elementor-col-100 elementor-inner-column elementor-element elementor-element-3a8754f5 animated-slow elementor-invisible\" data-id=\"3a8754f5\" data-element_type=\"column\" data-settings=\"{&quot;animation&quot;:&quot;fadeIn&quot;,&quot;animation_delay&quot;:&quot;4&quot;}\">\n\t\t\t<div class=\"elementor-widget-wrap elementor-element-populated\">\n\t\t\t\t\t\t<div class=\"elementor-element elementor-element-2c601da2 elementor-widget elementor-widget-heading\" data-id=\"2c601da2\" data-element_type=\"widget\" data-widget_type=\"heading.default\">\n\t\t\t\t<div class=\"elementor-widget-container\">\n\t\t\t\t\t<h2 class=\"elementor-heading-title elementor-size-default\">Av\u00eds\n<\/h2>\t\t\t\t<\/div>\n\t\t\t\t<\/div>\n\t\t\t\t<div class=\"elementor-element elementor-element-71b19367 elementor-widget elementor-widget-heading\" data-id=\"71b19367\" data-element_type=\"widget\" data-widget_type=\"heading.default\">\n\t\t\t\t<div class=\"elementor-widget-container\">\n\t\t\t\t\t<h2 class=\"elementor-heading-title elementor-size-default\">LEGAL<\/h2>\t\t\t\t<\/div>\n\t\t\t\t<\/div>\n\t\t\t\t\t<\/div>\n\t\t<\/div>\n\t\t\t\t\t<\/div>\n\t\t<\/section>\n\t\t\t\t\t<\/div>\n\t\t<\/div>\n\t\t\t\t\t<\/div>\n\t\t<\/section>\n\t\t\t\t<section class=\"elementor-section elementor-inner-section elementor-element elementor-element-4c7e7c elementor-section-boxed elementor-section-height-default elementor-section-height-default\" data-id=\"4c7e7c\" data-element_type=\"section\" data-settings=\"{&quot;animation&quot;:&quot;none&quot;}\">\n\t\t\t\t\t\t<div class=\"elementor-container elementor-column-gap-no\">\n\t\t\t\t\t<div class=\"elementor-column elementor-col-50 elementor-inner-column elementor-element elementor-element-7faa3f63 animated-slow elementor-invisible\" data-id=\"7faa3f63\" data-element_type=\"column\" data-settings=\"{&quot;animation&quot;:&quot;fadeInLeft&quot;}\">\n\t\t\t<div class=\"elementor-widget-wrap elementor-element-populated\">\n\t\t\t\t\t\t<div class=\"elementor-element elementor-element-1d6a9821 elementor-widget elementor-widget-heading\" data-id=\"1d6a9821\" data-element_type=\"widget\" data-widget_type=\"heading.default\">\n\t\t\t\t<div class=\"elementor-widget-container\">\n\t\t\t\t\t<h2 class=\"elementor-heading-title elementor-size-default\">Av\u00eds legal i termes generals d\u2019utilitzaci\u00f3 del lloc web<\/h2>\t\t\t\t<\/div>\n\t\t\t\t<\/div>\n\t\t\t\t\t<\/div>\n\t\t<\/div>\n\t\t\t\t<div class=\"elementor-column elementor-col-50 elementor-inner-column elementor-element elementor-element-6b83bf15 animated-slow elementor-invisible\" data-id=\"6b83bf15\" data-element_type=\"column\" data-settings=\"{&quot;background_background&quot;:&quot;classic&quot;,&quot;animation&quot;:&quot;fadeIn&quot;,&quot;animation_delay&quot;:&quot;4&quot;}\">\n\t\t\t<div class=\"elementor-widget-wrap\">\n\t\t\t\t\t\t\t<\/div>\n\t\t<\/div>\n\t\t\t\t\t<\/div>\n\t\t<\/section>\n\t\t\t\t<section class=\"elementor-section elementor-inner-section elementor-element elementor-element-1658f40e elementor-section-boxed elementor-section-height-default elementor-section-height-default\" data-id=\"1658f40e\" data-element_type=\"section\">\n\t\t\t\t\t\t<div class=\"elementor-container elementor-column-gap-no\">\n\t\t\t\t\t<div class=\"elementor-column elementor-col-50 elementor-inner-column elementor-element elementor-element-136d1b84 animated-slow elementor-invisible\" data-id=\"136d1b84\" data-element_type=\"column\" data-settings=\"{&quot;animation&quot;:&quot;fadeIn&quot;,&quot;animation_delay&quot;:&quot;4&quot;}\">\n\t\t\t<div class=\"elementor-widget-wrap elementor-element-populated\">\n\t\t\t\t\t\t<div class=\"elementor-element elementor-element-2a2dcf10 elementor-widget elementor-widget-text-editor\" data-id=\"2a2dcf10\" data-element_type=\"widget\" data-widget_type=\"text-editor.default\">\n\t\t\t\t<div class=\"elementor-widget-container\">\n\t\t\t\t\t\t\t\t\t<p>Les dades identificadores del responsable del lloc web s\u00f3n les seg\u00fcents: VEOLIA AGBAR, S.L.U. (d\u2019ara endavant, VEOLIA) NIF B63152664 i amb domicili social a Santa Leonor 39, 28037 Madrid.<\/p>\n<p>L\u2019acc\u00e9s i l\u2019\u00fas del lloc web de VEOLIA atribueix a qui ho fa la condici\u00f3 d\u2019\u201cusuari\u201d que accepta plenament i sense reserves aquestes condicions generals, a m\u00e9s de les condicions particulars que, si escau, complementin, modifiquin o substitueixin les condicions generals en relaci\u00f3 amb determinats serveis i condicions del lloc web.<\/p>\n<p><strong>Acc\u00e9s al web<\/strong><\/p>\n<p>El lloc web \u00e9s accessible 24\/7, excepte durant els per\u00edodes de manteniment. VEOLIA no pot garantir que el lloc web sempre estar\u00e0 operatiu. De la mateixa manera, no es pot responsabilitzar dels resultats d\u2019esdeveniments de for\u00e7a major, avaries o problemes t\u00e8cnics que afectin el maquinari, els programes i el programari o Internet, cosa que pot provocar la suspensi\u00f3 o la interrupci\u00f3 del servei. VEOLIA no es responsabilitza de les demores, les dificultats d\u2019\u00fas o la incompatibilitat entre el lloc web actual i els fitxers de l\u2019usuari, el navegador o qualsevol altre programa utilitzat per accedir a la p\u00e0gina web.<br>El lloc web \u00e9s disponible de manera gratu\u00efta (excloent-ne els costos de connexi\u00f3 a la p\u00e0gina web, que romanen a c\u00e0rrec de l\u2019usuari).<\/p>\n<p><strong>Condicions generals d\u2019\u00fas del lloc web<\/strong><\/p>\n<p><strong>Objecte<\/strong><\/p>\n<p>Aquestes condicions generals regulen l\u2019\u00fas (l\u2019acc\u00e9s, la creaci\u00f3, l\u2019edici\u00f3, la modificaci\u00f3 i la supressi\u00f3) del lloc web de VEOLIA, inclosos els continguts i els serveis que s\u2019hi posen a disposici\u00f3. Qualsevol persona que accedeixi a aquest lloc web se\u2019n considera \u201cusuari\u201d i accepta sotmetre\u2019s, de manera expressa, autom\u00e0tica i volunt\u00e0ria, a les condicions generals vigents cada vegada que hi accedeixi, i a les condicions particulars que li siguin aplicables, si escau.<\/p>\n<p>VEOLIA es reserva el dret de modificar de manera unilateral, en qualsevol moment i sense necessitat d\u2019un av\u00eds previ, l\u2019estructura i el disseny del lloc web; i de modificar o eliminar els serveis o els continguts, a m\u00e9s de les condicions d\u2019acc\u00e9s i \u00fas del lloc web.<\/p>\n<p><strong>\u00das<\/strong><\/p>\n<p>L\u2019usuari \u00e9s conscient i accepta que l\u2019\u00fas de la p\u00e0gina web es fa en tot cas sota la seva \u00fanica responsabilitat, i queda prohibit l\u2019\u00fas de la p\u00e0gina web amb finalitats il\u00b7l\u00edcites o lesius per a VEOLIA o qualsevol tercer. En utilitzar el lloc web, l\u2019usuari es compromet a no practicar cap conducta que pugui malmetre la imatge, els interessos o els drets de VEOLIA ni de tercers, o que pugui malmetre, inutilitzar o sobrecarregar el lloc web, o que impedeixi, de qualsevol manera, utilitzar el lloc web normalment.<br>VEOLIA adopta mesures de seguretat raonablement adequades per detectar l\u2019exist\u00e8ncia de virus; no obstant aix\u00f2, l\u2019usuari ha de ser conscient que les mesures de seguretat dels sistemes inform\u00e0tics a internet no s\u00f3n completament fiables i que, per tant, VEOLIA no pot garantir la inexist\u00e8ncia de virus o altres elements que puguin produir alteracions en els sistemes inform\u00e0tics de l\u2019usuari o en els documents electr\u00f2nics i fitxers que continguin.<\/p>\n<p><strong>Drets de propietat industrial i intel\u00b7lectual<\/strong><\/p>\n<p>Tota la informaci\u00f3 que cont\u00e9 el lloc web (imatges, dissenys gr\u00e0fics, codi font, disseny, estructura de navegaci\u00f3, bases de dades) \u00e9s propietat de VEOLIA.<br>Els drets d\u2019explotaci\u00f3 sobre aquest lloc web i qualsevol dels seus continguts, elements i, en particular, els drets d\u2019\u00fas, explotaci\u00f3, distribuci\u00f3, transformaci\u00f3 i comunicaci\u00f3 p\u00fablica pertanyen, en tot moment i amb car\u00e0cter exclusiu, durant la vig\u00e8ncia prevista legalment respecte a aquests drets de propietat industrial i intel\u00b7lectual i per a tothom, a VEOLIA, incloent-hi qualsevol millora, adaptaci\u00f3, traducci\u00f3, perfeccionament de qualsevol dels seus continguts, elements i altres materials creats, editats o modificats per l\u2019usuari. L&#8217;usuari no podr\u00e0 utilitzar les marques registrades per VEOLIA, els noms comercials, els dissenys i el know-how, com tampoc cap altre signe distintiu de VEOLIA, sense el seu consentiment previ i expr\u00e9s.<\/p>\n<p>L&#8217;usuari no podr\u00e0 modificar ni reproduir, parcialment ni totalment, aquesta informaci\u00f3 sense el consentiment previ i expr\u00e9s de VEOLIA. Amb car\u00e0cter enunciatiu per\u00f2 no limitador:<\/p>\n<p>1) L\u2019usuari no est\u00e0 autoritzat a suprimir, eludir, manipular el copyright ni altres dades identificadores dels drets de VEOLIA, ni tampoc cap altre mecanisme de protecci\u00f3.<\/p>\n<p>2) L\u2019usuari no est\u00e0 autoritzat a desmuntar, descompilar ni invertir les bases de dades en qu\u00e8 s\u2019emmagatzema la informaci\u00f3 del lloc web. Tota la informaci\u00f3 del lloc web est\u00e0 protegida pels drets d\u2019autor. La utilitzaci\u00f3 no autoritzada de la informaci\u00f3 que cont\u00e9 aquest lloc web, la revenda, a m\u00e9s de la lesi\u00f3 dels drets de propietat intel\u00b7lectual o industrial de VEOLIA, donar\u00e0 lloc a les responsabilitats establertes legalment. Les marques (els signes distintius i els logotips) que apareixen en el lloc web s\u00f3n titularitat exclusiva de VEOLIA i estan degudament registrades o en proc\u00e9s de registre. Les denominacions d\u2019altres productes, serveis i companyies que apareguin en aquest document o al lloc web poden ser marques o altres signes distintius registrats pels seus propietaris respectius i leg\u00edtims.<\/p>\n<p><strong>Exclusi\u00f3 de garanties i responsabilitats<\/strong><\/p>\n<p>VEOLIA no \u00e9s responsable dels danys o perjudicis derivats de l\u2019\u00fas dels continguts del seu lloc web. Especialment, VEOLIA no respon ni dels continguts ni de l\u2019estat dels enlla\u00e7os que cont\u00e9 aquest lloc web i que poden conduir l\u2019usuari a altres llocs i p\u00e0gines web gestionats per tercers. VEOLIA no respon ni dels continguts ni de l\u2019estat dels llocs ni de les p\u00e0gines web esmentats, l\u2019acc\u00e9s als quals, a trav\u00e9s d\u2019aquest lloc web, tampoc no implica que VEOLIA recomani o n\u2019aprovi els continguts. VEOLIA no es fa responsable de les defici\u00e8ncies del servei del seu centre servidor, ni de les xarxes de comunicaci\u00f3, ni dels problemes resultants del mal funcionament o de l\u2019\u00fas de versions no optimitzades dels navegadors. Tant l\u2019acc\u00e9s al lloc web com l\u2019\u00fas que es pugui fer de la informaci\u00f3 que cont\u00e9 \u00e9s responsabilitat exclusiva de qui l\u2019efectua. VEOLIA no respon de cap conseq\u00fc\u00e8ncia, dany o perjudici que es pugui derivar d\u2019aquest acc\u00e9s o \u00fas de la informaci\u00f3. VEOLIA no es fa responsable dels possibles errors de seguretat que es puguin produir ni dels possibles danys que es puguin causar al sistema inform\u00e0tic de l\u2019usuari, als fitxers o als documents que hi tingui emmagatzemats a conseq\u00fc\u00e8ncia de la pres\u00e8ncia de virus a l\u2019ordinador de l\u2019usuari utilitzat per a la connexi\u00f3 als serveis i els continguts del lloc web, d\u2019un mal funcionament del navegador o de l\u2019\u00fas de versions no actualitzades del navegador.<\/p>\n<p><strong>Hiperenlla\u00e7os i llocs enlla\u00e7ats<\/strong><\/p>\n<p>L\u2019establiment d\u2019un hiperenlla\u00e7 no implica en cap cas l\u2019exist\u00e8ncia de relacions entre VEOLIAi el propietari del lloc o de la p\u00e0gina web en qu\u00e8 s\u2019estableixi l\u2019hiperenlla\u00e7, ni l\u2019acceptaci\u00f3 o l\u2019aprovaci\u00f3 per VEOLIA dels seus continguts o serveis. En tot cas, VEOLIA es reserva el dret de prohibir o inutilitzar en qualsevol moment qualsevol hiperenlla\u00e7 al seu lloc web, especialment en els sup\u00f2sits d\u2019il\u00b7licitud de l\u2019activitat o dels continguts del lloc web en qu\u00e8 s\u2019inclou l\u2019hiperenlla\u00e7.<br>Al lloc web de VEOLIA es posen a disposici\u00f3 de l\u2019usuari, \u00fanicament per a la cerca i l\u2019acc\u00e9s a la informaci\u00f3, els continguts i els serveis disponibles a Internet, hiperenlla\u00e7os o dispositius t\u00e8cnics d\u2019enlla\u00e7 (per exemple, enlla\u00e7os o botons), que permeten a l\u2019usuari accedir a llocs o portals d\u2019Internet pertanyents o gestionats per tercers (llocs enlla\u00e7ats). VEOLIA no ofereix ni comercialitza per si mateixa o a trav\u00e9s de tercers la informaci\u00f3, els continguts i els serveis disponibles en els llocs enlla\u00e7ats, ni aprova, ni supervisa ni controla de cap manera els continguts i els serveis, ni tampoc cap material, de la naturalesa que sigui, que continguin. En conseq\u00fc\u00e8ncia, l\u2019usuari assumeix de manera exclusiva tota la responsabilitat de la navegaci\u00f3 per aquests llocs web.<\/p>\n<p><strong>Legislaci\u00f3 aplicable <\/strong><\/p>\n<p>Aquestes condicions generals es regeixen per la legislaci\u00f3 espanyola.<\/p>\t\t\t\t\t\t\t\t<\/div>\n\t\t\t\t<\/div>\n\t\t\t\t\t<\/div>\n\t\t<\/div>\n\t\t\t\t<div class=\"elementor-column elementor-col-50 elementor-inner-column elementor-element elementor-element-36004e elementor-hidden-phone\" data-id=\"36004e\" data-element_type=\"column\">\n\t\t\t<div class=\"elementor-widget-wrap\">\n\t\t\t\t\t\t\t<\/div>\n\t\t<\/div>\n\t\t\t\t\t<\/div>\n\t\t<\/section>\n\t\t\t\t<\/div>\n\t\t","protected":false},"excerpt":{"rendered":"<p>Av\u00eds LEGAL Av\u00eds legal i termes generals d\u2019utilitzaci\u00f3 del lloc web Les dades identificadores del responsable del lloc web s\u00f3n les seg\u00fcents: VEOLIA AGBAR, S.L.U. (d\u2019ara endavant, VEOLIA) NIF B63152664 i amb domicili social a Santa Leonor 39, 28037 Madrid. L\u2019acc\u00e9s i l\u2019\u00fas del lloc web de VEOLIA atribueix a qui ho fa la condici\u00f3 [&hellip;]<\/p>\n","protected":false},"author":15,"featured_media":8842,"parent":0,"menu_order":0,"comment_status":"closed","ping_status":"closed","template":"","meta":{"_acf_changed":false,"footnotes":""},"folder":[],"class_list":["post-9826","page","type-page","status-publish","has-post-thumbnail","hentry"],"acf":[],"_links":{"self":[{"href":"https:\/\/customercounsel.veolia.es\/ca\/wp-json\/wp\/v2\/pages\/9826","targetHints":{"allow":["GET"]}}],"collection":[{"href":"https:\/\/customercounsel.veolia.es\/ca\/wp-json\/wp\/v2\/pages"}],"about":[{"href":"https:\/\/customercounsel.veolia.es\/ca\/wp-json\/wp\/v2\/types\/page"}],"author":[{"embeddable":true,"href":"https:\/\/customercounsel.veolia.es\/ca\/wp-json\/wp\/v2\/users\/15"}],"replies":[{"embeddable":true,"href":"https:\/\/customercounsel.veolia.es\/ca\/wp-json\/wp\/v2\/comments?post=9826"}],"version-history":[{"count":28,"href":"https:\/\/customercounsel.veolia.es\/ca\/wp-json\/wp\/v2\/pages\/9826\/revisions"}],"predecessor-version":[{"id":28256,"href":"https:\/\/customercounsel.veolia.es\/ca\/wp-json\/wp\/v2\/pages\/9826\/revisions\/28256"}],"wp:featuredmedia":[{"embeddable":true,"href":"https:\/\/customercounsel.veolia.es\/ca\/wp-json\/wp\/v2\/media\/8842"}],"wp:attachment":[{"href":"https:\/\/customercounsel.veolia.es\/ca\/wp-json\/wp\/v2\/media?parent=9826"}],"wp:term":[{"taxonomy":"folder","embeddable":true,"href":"https:\/\/customercounsel.veolia.es\/ca\/wp-json\/wp\/v2\/folder?post=9826"}],"curies":[{"name":"wp","href":"https:\/\/api.w.org\/{rel}","templated":true}]}}